{"id":814,"date":"2023-11-05T21:48:58","date_gmt":"2023-11-05T21:48:58","guid":{"rendered":"https:\/\/futura-color.com\/?post_type=product&#038;p=814"},"modified":"2023-11-05T21:50:46","modified_gmt":"2023-11-05T21:50:46","slug":"boje-per-makina-shtresa","status":"publish","type":"product","link":"https:\/\/futura-color.com\/index.php\/product\/boje-per-makina-shtresa\/","title":{"rendered":"Boje per makina shtresa"},"content":{"rendered":"<div class=\"group w-full text-token-text-primary border-b border-black\/10 gizmo:border-0 dark:border-gray-900\/50 gizmo:dark:border-0 bg-gray-50 gizmo:bg-transparent dark:bg-[#444654] gizmo:dark:bg-transparent\" data-testid=\"conversation-turn-17\">\n<div class=\"p-4 gizmo:py-2 justify-center text-base md:gap-6 md:py-6 m-auto\">\n<div class=\"flex flex-1 gap-4 text-base mx-auto md:gap-6 gizmo:gap-3 gizmo:md:px-5 gizmo:lg:px-1 gizmo:xl:px-5 md:max-w-2xl lg:max-w-[38rem] gizmo:md:max-w-3xl gizmo:lg:max-w-[40rem] gizmo:xl:max-w-[48rem] xl:max-w-3xl }\">\n<div class=\"relative flex w-[calc(100%-50px)] flex-col gizmo:w-full lg:w-[calc(100%-115px)] agent-turn\">\n<div class=\"flex-col gap-1 md:gap-3\">\n<div class=\"flex flex-grow flex-col max-w-full gap-3 gizmo:gap-0\">\n<div class=\"min-h-[20px] flex flex-col items-start gap-3 whitespace-pre-wrap break-words overflow-x-auto\" data-message-author-role=\"assistant\" data-message-id=\"3b457265-6401-474c-a838-afdfee50e9c0\">\n<div class=\"markdown prose w-full break-words dark:prose-invert dark\">\n<h2><a href=\"https:\/\/futura-color.com\/index.php\/blog\/\">Boje<\/a> per makina shtresa<\/h2>\n<p>Boje per makina shtresa ka ngjyra t\u00ebrheq\u00ebse dhe t\u00eb q\u00ebndrueshme q\u00eb e b\u00ebjn\u00eb makin\u00ebn t\u00eb shk\u00eblqej\u00eb.<\/p>\n<p>Nj\u00eb avantazh i madh \u00ebsht\u00eb rezistenca e saj ndaj kushteve t\u00eb r\u00ebnda atmosferike dhe ndotjes.<\/p>\n<p>Aplikimi \u00ebsht\u00eb i leht\u00eb dhe i shpejt\u00eb\u00a0 duke siguruar nj\u00eb pamje t\u00eb p\u00ebrshtatshme dhe t\u00eb q\u00ebndrueshme p\u00ebr makin\u00ebn tone.<\/p>\n<p>P\u00ebr m\u00eb tep\u00ebr, m\u00ebnyra eko-miq\u00ebsore e p\u00ebrdorimit t\u00eb k\u00ebsaj boje \u00ebsht\u00eb nj\u00eb tjet\u00ebr faktor q\u00eb e ben me terheqese.<\/p>\n<p>Rezistenca e jasht\u00ebzakonshme e k\u00ebsaj boje \u00ebsht\u00eb nj\u00eb avantazh tjet\u00ebr.<\/p>\n<p>Makina \u00ebsht\u00eb nj\u00eb investim i madh, dhe duhet t\u00eb sigurohemi q\u00eb boja q\u00eb p\u00ebrdorim \u00ebsht\u00eb e q\u00ebndrueshme<\/p>\n<p>Boja p\u00ebr makina shtresa ofron rezistenc\u00eb te larte ndaj kushteve t\u00eb r\u00ebnda dhe demtimeve te ndryshme<\/p>\n<p>Ngjyrat e k\u00ebsaj boje jan\u00eb t\u00eb q\u00ebndrueshme dhe t\u00eb rezistueshme ndaj kushteve\u00a0 atmosferike dhe ndotjes s\u00eb mjedisit.<\/p>\n<p>Ky \u00ebsht\u00eb nj\u00eb aspekt i r\u00ebnd\u00ebsish\u00ebm sepse nj\u00eb makine duhet t\u00eb duket gjithmon\u00eb e bukur dhe e fresk\u00ebt.<\/p>\n<p>Kjo boj\u00eb \u00ebsht\u00eb projektuar me kujdes p\u00ebr t\u00eb minimizuar ndikimin n\u00eb mjedis dhe p\u00ebr t\u00eb ofruar nj\u00eb alternativ\u00eb t\u00eb q\u00ebndrueshme p\u00ebr punonj\u00ebsit e nd\u00ebrgjegjsh\u00ebm p\u00ebr mjedisin<\/p>\n<p>Ky produkt \u00ebsht\u00eb zgjedhja e duhur p\u00ebr t\u00eb p\u00ebrmir\u00ebsuar pamjen e makin\u00ebs suaj<\/p>\n<p>Nj\u00eb nga gj\u00ebrat q\u00eb e dallojn\u00eb boj\u00ebn p\u00ebr makina shtresa \u00ebsht\u00eb ngjyra e saj e cila garanton shkelqim te larte pas nje kohe te gjete<\/p>\n<p>Nj\u00eb pasionant i makinave nuk mund t\u00eb k\u00ebrkoj\u00eb m\u00eb shum\u00eb nga nj\u00eb produkt i till\u00eb i cil\u00ebsis\u00eb s\u00eb lart\u00eb.<\/p>\n<p>Sepse kjo boje te ofron kenaqesine dhe ndjesine e nje makine te sapo prodhuar<\/p>\n<p><a href=\"https:\/\/www.opencorporates.al\/en\/nipt\/m02216501c\">Boja p\u00ebr makina<\/a> shtresa \u00ebsht\u00eb zgjedhja e duhur p\u00ebr t\u00eb b\u00ebr\u00eb makin\u00ebn tuaj t\u00eb shk\u00eblqej\u00eb dhe p\u00ebr ta mbrojtur at\u00eb nga kushtet e r\u00ebnda atmosferike.<\/p>\n<p>&nbsp;<\/p>\n<\/div>\n<\/div>\n<\/div>\n<\/div>\n<\/div>\n<\/div>\n<\/div>\n<\/div>\n","protected":false},"excerpt":{"rendered":"<p>Boje per makina shtresa ka ngjyra t\u00ebrheq\u00ebse dhe t\u00eb q\u00ebndrueshme q\u00eb e b\u00ebjn\u00eb makin\u00ebn t\u00eb shk\u00eblqej\u00eb dhe resistente ndaj kusheve klimatike<\/p>\n<p>Ngjyrat e k\u00ebsaj boje jan\u00eb t\u00eb q\u00ebndrueshme dhe t\u00eb rezistueshme ndaj kushteve\u00a0 atmosferike dhe ndotjes s\u00eb mjedisit.<\/p>\n","protected":false},"featured_media":818,"comment_status":"open","ping_status":"closed","template":"","meta":[],"product_cat":[41],"product_tag":[94,92,93],"yoast_head":"<!-- This site is optimized with the Yoast SEO plugin v21.5 - https:\/\/yoast.com\/wordpress\/plugins\/seo\/ -->\n<title>Boje per makina shtresa - Futura Color<\/title>\n<meta name=\"description\" content=\"Boje per makina shtresa ka ngjyra t\u00ebrheq\u00ebse dhe t\u00eb q\u00ebndrueshme q\u00eb e b\u00ebjn\u00eb makin\u00ebn t\u00eb shk\u00eblqej\u00eb dhe resistente ndaj kusheve klimatike\" \/>\n<meta name=\"robots\" content=\"index, follow, max-snippet:-1, max-image-preview:large, max-video-preview:-1\" \/>\n<link rel=\"canonical\" href=\"https:\/\/futura-color.com\/index.php\/product\/boje-per-makina-shtresa\/\" \/>\n<meta property=\"og:locale\" content=\"en_US\" \/>\n<meta property=\"og:type\" content=\"article\" \/>\n<meta property=\"og:title\" content=\"Boje per makina shtresa - Futura Color\" \/>\n<meta property=\"og:description\" content=\"Boje per makina shtresa ka ngjyra t\u00ebrheq\u00ebse dhe t\u00eb q\u00ebndrueshme q\u00eb e b\u00ebjn\u00eb makin\u00ebn t\u00eb shk\u00eblqej\u00eb dhe resistente ndaj kusheve klimatike\" \/>\n<meta property=\"og:url\" content=\"https:\/\/futura-color.com\/index.php\/product\/boje-per-makina-shtresa\/\" \/>\n<meta property=\"og:site_name\" content=\"Futura Color\" \/>\n<meta property=\"article:modified_time\" content=\"2023-11-05T21:50:46+00:00\" \/>\n<meta property=\"og:image\" content=\"https:\/\/futura-color.com\/wp-content\/uploads\/2023\/11\/Boje-per-makina-shtresa-e1699220150166.jpg\" \/>\n\t<meta property=\"og:image:width\" content=\"209\" \/>\n\t<meta property=\"og:image:height\" content=\"292\" \/>\n\t<meta property=\"og:image:type\" content=\"image\/jpeg\" \/>\n<meta name=\"twitter:card\" content=\"summary_large_image\" \/>\n<meta name=\"twitter:label1\" content=\"Est. reading time\" \/>\n\t<meta name=\"twitter:data1\" content=\"2 minutes\" \/>\n<script type=\"application\/ld+json\" class=\"yoast-schema-graph\">{\"@context\":\"https:\/\/schema.org\",\"@graph\":[{\"@type\":\"WebPage\",\"@id\":\"https:\/\/futura-color.com\/index.php\/product\/boje-per-makina-shtresa\/\",\"url\":\"https:\/\/futura-color.com\/index.php\/product\/boje-per-makina-shtresa\/\",\"name\":\"Boje per makina shtresa - Futura Color\",\"isPartOf\":{\"@id\":\"https:\/\/futura-color.com\/#website\"},\"datePublished\":\"2023-11-05T21:48:58+00:00\",\"dateModified\":\"2023-11-05T21:50:46+00:00\",\"description\":\"Boje per makina shtresa ka ngjyra t\u00ebrheq\u00ebse dhe t\u00eb q\u00ebndrueshme q\u00eb e b\u00ebjn\u00eb makin\u00ebn t\u00eb shk\u00eblqej\u00eb dhe resistente ndaj kusheve klimatike\",\"breadcrumb\":{\"@id\":\"https:\/\/futura-color.com\/index.php\/product\/boje-per-makina-shtresa\/#breadcrumb\"},\"inLanguage\":\"en-US\",\"potentialAction\":[{\"@type\":\"ReadAction\",\"target\":[\"https:\/\/futura-color.com\/index.php\/product\/boje-per-makina-shtresa\/\"]}]},{\"@type\":\"BreadcrumbList\",\"@id\":\"https:\/\/futura-color.com\/index.php\/product\/boje-per-makina-shtresa\/#breadcrumb\",\"itemListElement\":[{\"@type\":\"ListItem\",\"position\":1,\"name\":\"Home\",\"item\":\"https:\/\/futura-color.com\/\"},{\"@type\":\"ListItem\",\"position\":2,\"name\":\"Shop\",\"item\":\"https:\/\/futura-color.com\/index.php\/shop\/\"},{\"@type\":\"ListItem\",\"position\":3,\"name\":\"Boje per makina shtresa\"}]},{\"@type\":\"WebSite\",\"@id\":\"https:\/\/futura-color.com\/#website\",\"url\":\"https:\/\/futura-color.com\/\",\"name\":\"Futura Color\",\"description\":\"\",\"publisher\":{\"@id\":\"https:\/\/futura-color.com\/#organization\"},\"potentialAction\":[{\"@type\":\"SearchAction\",\"target\":{\"@type\":\"EntryPoint\",\"urlTemplate\":\"https:\/\/futura-color.com\/?s={search_term_string}\"},\"query-input\":\"required name=search_term_string\"}],\"inLanguage\":\"en-US\"},{\"@type\":\"Organization\",\"@id\":\"https:\/\/futura-color.com\/#organization\",\"name\":\"Futura Color\",\"url\":\"https:\/\/futura-color.com\/\",\"logo\":{\"@type\":\"ImageObject\",\"inLanguage\":\"en-US\",\"@id\":\"https:\/\/futura-color.com\/#\/schema\/logo\/image\/\",\"url\":\"https:\/\/futura-color.com\/wp-content\/uploads\/2023\/10\/cropped-3.png\",\"contentUrl\":\"https:\/\/futura-color.com\/wp-content\/uploads\/2023\/10\/cropped-3.png\",\"width\":400,\"height\":248,\"caption\":\"Futura Color\"},\"image\":{\"@id\":\"https:\/\/futura-color.com\/#\/schema\/logo\/image\/\"}}]}<\/script>\n<!-- \/ Yoast SEO plugin. -->","yoast_head_json":{"title":"Boje per makina shtresa - Futura Color","description":"Boje per makina shtresa ka ngjyra t\u00ebrheq\u00ebse dhe t\u00eb q\u00ebndrueshme q\u00eb e b\u00ebjn\u00eb makin\u00ebn t\u00eb shk\u00eblqej\u00eb dhe resistente ndaj kusheve klimatike","robots":{"index":"index","follow":"follow","max-snippet":"max-snippet:-1","max-image-preview":"max-image-preview:large","max-video-preview":"max-video-preview:-1"},"canonical":"https:\/\/futura-color.com\/index.php\/product\/boje-per-makina-shtresa\/","og_locale":"en_US","og_type":"article","og_title":"Boje per makina shtresa - Futura Color","og_description":"Boje per makina shtresa ka ngjyra t\u00ebrheq\u00ebse dhe t\u00eb q\u00ebndrueshme q\u00eb e b\u00ebjn\u00eb makin\u00ebn t\u00eb shk\u00eblqej\u00eb dhe resistente ndaj kusheve klimatike","og_url":"https:\/\/futura-color.com\/index.php\/product\/boje-per-makina-shtresa\/","og_site_name":"Futura Color","article_modified_time":"2023-11-05T21:50:46+00:00","og_image":[{"width":209,"height":292,"url":"https:\/\/futura-color.com\/wp-content\/uploads\/2023\/11\/Boje-per-makina-shtresa-e1699220150166.jpg","type":"image\/jpeg"}],"twitter_card":"summary_large_image","twitter_misc":{"Est. reading time":"2 minutes"},"schema":{"@context":"https:\/\/schema.org","@graph":[{"@type":"WebPage","@id":"https:\/\/futura-color.com\/index.php\/product\/boje-per-makina-shtresa\/","url":"https:\/\/futura-color.com\/index.php\/product\/boje-per-makina-shtresa\/","name":"Boje per makina shtresa - Futura Color","isPartOf":{"@id":"https:\/\/futura-color.com\/#website"},"datePublished":"2023-11-05T21:48:58+00:00","dateModified":"2023-11-05T21:50:46+00:00","description":"Boje per makina shtresa ka ngjyra t\u00ebrheq\u00ebse dhe t\u00eb q\u00ebndrueshme q\u00eb e b\u00ebjn\u00eb makin\u00ebn t\u00eb shk\u00eblqej\u00eb dhe resistente ndaj kusheve klimatike","breadcrumb":{"@id":"https:\/\/futura-color.com\/index.php\/product\/boje-per-makina-shtresa\/#breadcrumb"},"inLanguage":"en-US","potentialAction":[{"@type":"ReadAction","target":["https:\/\/futura-color.com\/index.php\/product\/boje-per-makina-shtresa\/"]}]},{"@type":"BreadcrumbList","@id":"https:\/\/futura-color.com\/index.php\/product\/boje-per-makina-shtresa\/#breadcrumb","itemListElement":[{"@type":"ListItem","position":1,"name":"Home","item":"https:\/\/futura-color.com\/"},{"@type":"ListItem","position":2,"name":"Shop","item":"https:\/\/futura-color.com\/index.php\/shop\/"},{"@type":"ListItem","position":3,"name":"Boje per makina shtresa"}]},{"@type":"WebSite","@id":"https:\/\/futura-color.com\/#website","url":"https:\/\/futura-color.com\/","name":"Futura Color","description":"","publisher":{"@id":"https:\/\/futura-color.com\/#organization"},"potentialAction":[{"@type":"SearchAction","target":{"@type":"EntryPoint","urlTemplate":"https:\/\/futura-color.com\/?s={search_term_string}"},"query-input":"required name=search_term_string"}],"inLanguage":"en-US"},{"@type":"Organization","@id":"https:\/\/futura-color.com\/#organization","name":"Futura Color","url":"https:\/\/futura-color.com\/","logo":{"@type":"ImageObject","inLanguage":"en-US","@id":"https:\/\/futura-color.com\/#\/schema\/logo\/image\/","url":"https:\/\/futura-color.com\/wp-content\/uploads\/2023\/10\/cropped-3.png","contentUrl":"https:\/\/futura-color.com\/wp-content\/uploads\/2023\/10\/cropped-3.png","width":400,"height":248,"caption":"Futura Color"},"image":{"@id":"https:\/\/futura-color.com\/#\/schema\/logo\/image\/"}}]}},"_links":{"self":[{"href":"https:\/\/futura-color.com\/index.php\/wp-json\/wp\/v2\/product\/814"}],"collection":[{"href":"https:\/\/futura-color.com\/index.php\/wp-json\/wp\/v2\/product"}],"about":[{"href":"https:\/\/futura-color.com\/index.php\/wp-json\/wp\/v2\/types\/product"}],"replies":[{"embeddable":true,"href":"https:\/\/futura-color.com\/index.php\/wp-json\/wp\/v2\/comments?post=814"}],"wp:featuredmedia":[{"embeddable":true,"href":"https:\/\/futura-color.com\/index.php\/wp-json\/wp\/v2\/media\/818"}],"wp:attachment":[{"href":"https:\/\/futura-color.com\/index.php\/wp-json\/wp\/v2\/media?parent=814"}],"wp:term":[{"taxonomy":"product_cat","embeddable":true,"href":"https:\/\/futura-color.com\/index.php\/wp-json\/wp\/v2\/product_cat?post=814"},{"taxonomy":"product_tag","embeddable":true,"href":"https:\/\/futura-color.com\/index.php\/wp-json\/wp\/v2\/product_tag?post=814"}],"curies":[{"name":"wp","href":"https:\/\/api.w.org\/{rel}","templated":true}]}}