{"id":655,"date":"2023-10-17T19:16:42","date_gmt":"2023-10-17T19:16:42","guid":{"rendered":"https:\/\/futura-color.com\/?page_id=655"},"modified":"2023-10-17T19:23:36","modified_gmt":"2023-10-17T19:23:36","slug":"projektet","status":"publish","type":"page","link":"https:\/\/futura-color.com\/index.php\/projektet\/","title":{"rendered":"Projektet"},"content":{"rendered":"\t\t<div data-elementor-type=\"wp-page\" data-elementor-id=\"655\" class=\"elementor elementor-655\">\n\t\t\t\t<div class=\"elementor-element elementor-element-652d31f e-flex e-con-boxed e-con e-parent\" data-id=\"652d31f\" data-element_type=\"container\">\n\t\t\t\t\t<div class=\"e-con-inner\">\n\t\t\t\t<div class=\"elementor-element elementor-element-c081c95 elementor-widget elementor-widget-heading\" data-id=\"c081c95\" data-element_type=\"widget\" data-widget_type=\"heading.default\">\n\t\t\t\t<div class=\"elementor-widget-container\">\n\t\t\t<style>\/*! elementor - v3.22.0 - 26-06-2024 *\/\n.elementor-heading-title{padding:0;margin:0;line-height:1}.elementor-widget-heading .elementor-heading-title[class*=elementor-size-]>a{color:inherit;font-size:inherit;line-height:inherit}.elementor-widget-heading .elementor-heading-title.elementor-size-small{font-size:15px}.elementor-widget-heading .elementor-heading-title.elementor-size-medium{font-size:19px}.elementor-widget-heading .elementor-heading-title.elementor-size-large{font-size:29px}.elementor-widget-heading .elementor-heading-title.elementor-size-xl{font-size:39px}.elementor-widget-heading .elementor-heading-title.elementor-size-xxl{font-size:59px}<\/style><h2 class=\"elementor-heading-title elementor-size-default\">T\u00eb Ftojm\u00eb T\u00eb Klikosh Projektet Tona<\/h2>\t\t<\/div>\n\t\t\t\t<\/div>\n\t\t\t\t<div class=\"elementor-element elementor-element-6c6de6a elementor-widget elementor-widget-exqute-masonry\" data-id=\"6c6de6a\" data-element_type=\"widget\" data-widget_type=\"exqute-masonry.default\">\n\t\t\t\t<div class=\"elementor-widget-container\">\n\t\t\t                <div class=\"exqute-masonry-grid2 \">\n                    <div class=\"exqute-three-columns\" data-columns>\n                <div class=\"post-162 exquteprojects type-exquteprojects status-publish has-post-thumbnail hentry exquteprojectscats-boje-me-pluhur exquteprojectscats-makineri\">\n    <div class=\"card-masonry\">\n    <div class=\"card\">\n         \n        <div class=\"exqute-masonry-cat\">\n        <a href=\"https:\/\/futura-color.com\/index.php\/project-category\/boje-me-pluhur\/\"><span class=\"badge badge-primary\">Boj\u00eb me pluhur<\/span><\/a><a href=\"https:\/\/futura-color.com\/index.php\/project-category\/makineri\/\"><span class=\"badge badge-primary\">Makineri<\/span><\/a>        <\/div> \n            \n        <a class=\"exqute-masonry-featured\" href=\"https:\/\/futura-color.com\/index.php\/projects\/lyerje-makinerie\/\">\n        <img decoding=\"async\" src=\"https:\/\/futura-color.com\/wp-content\/uploads\/2024\/07\/WhatsApp-Image-2024-06-30-at-10.06.38_94f6ae0a-1-900x600.jpg\" alt=\"Lyerje Makinerie\" \/>  \n        <div class=\"exqute-masonry-seperator\">\n            <svg xmlns=\"http:\/\/www.w3.org\/2000\/svg\" viewBox=\"0 0 1000 100\" preserveAspectRatio=\"none\">\n                <path class=\"exqute-fill-white\" d=\"M790.5,93.1c-59.3-5.3-116.8-18-192.6-50c-29.6-12.7-76.9-31-100.5-35.9c-23.6-4.9-52.6-7.8-75.5-5.3 c-10.2,1.1-22.6,1.4-50.1,7.4c-27.2,6.3-58.2,16.6-79.4,24.7c-41.3,15.9-94.9,21.9-134,22.6C72,58.2,0,25.8,0,25.8V100h1000V65.3 c0,0-51.5,19.4-106.2,25.7C839.5,97,814.1,95.2,790.5,93.1z\" \/>\n            <\/svg>\t\n        <\/div>\n    <\/a>   \n            <div class=\"card-body\">\n            <h3 class=\"card-title\"><a href=\"https:\/\/futura-color.com\/index.php\/projects\/lyerje-makinerie\/\">Lyerje Makinerie<\/a><\/h3>\n            <p>Projekti i Lyerjes p\u00ebr Makineri Industriale nga Futura Color paraqet nj\u00eb shembull shk\u00eblqyesh\u00ebm t\u00eb&#8230;<\/p>\n                    <\/div>\n    <\/div> \n<\/div>\n<\/div><div class=\"post-160 exquteprojects type-exquteprojects status-publish has-post-thumbnail hentry exquteprojectscats-alumin exquteprojectscats-boje-me-pluhur exquteprojectscats-strukture-e-jashtme\">\n    <div class=\"card-masonry\">\n    <div class=\"card\">\n         \n        <div class=\"exqute-masonry-cat\">\n        <a href=\"https:\/\/futura-color.com\/index.php\/project-category\/alumin\/\"><span class=\"badge badge-primary\">Alumin<\/span><\/a><a href=\"https:\/\/futura-color.com\/index.php\/project-category\/boje-me-pluhur\/\"><span class=\"badge badge-primary\">Boj\u00eb me pluhur<\/span><\/a><a href=\"https:\/\/futura-color.com\/index.php\/project-category\/strukture-e-jashtme\/\"><span class=\"badge badge-primary\">Struktur\u00eb E jashtme<\/span><\/a>        <\/div> \n            \n        <a class=\"exqute-masonry-featured\" href=\"https:\/\/futura-color.com\/index.php\/projects\/lyerje-me-boje-pluhur\/\">\n        <img decoding=\"async\" src=\"https:\/\/futura-color.com\/wp-content\/uploads\/2024\/07\/WhatsApp-Image-2024-06-30-at-10.06.40_8067b264-900x600.jpg\" alt=\"Lyerje me Boj\u00eb Pluhur E Strukturave Alumini\" \/>  \n        <div class=\"exqute-masonry-seperator\">\n            <svg xmlns=\"http:\/\/www.w3.org\/2000\/svg\" viewBox=\"0 0 1000 100\" preserveAspectRatio=\"none\">\n                <path class=\"exqute-fill-white\" d=\"M790.5,93.1c-59.3-5.3-116.8-18-192.6-50c-29.6-12.7-76.9-31-100.5-35.9c-23.6-4.9-52.6-7.8-75.5-5.3 c-10.2,1.1-22.6,1.4-50.1,7.4c-27.2,6.3-58.2,16.6-79.4,24.7c-41.3,15.9-94.9,21.9-134,22.6C72,58.2,0,25.8,0,25.8V100h1000V65.3 c0,0-51.5,19.4-106.2,25.7C839.5,97,814.1,95.2,790.5,93.1z\" \/>\n            <\/svg>\t\n        <\/div>\n    <\/a>   \n            <div class=\"card-body\">\n            <h3 class=\"card-title\"><a href=\"https:\/\/futura-color.com\/index.php\/projects\/lyerje-me-boje-pluhur\/\">Lyerje me Boj\u00eb Pluhur E Strukturave Alumini<\/a><\/h3>\n            <p>Projekti i Lyerjes me Boj\u00eb Pluhur p\u00ebr Strukturat Alumini nga&#8230;<\/p>\n                    <\/div>\n    <\/div> \n<\/div>\n<\/div><div class=\"post-161 exquteprojects type-exquteprojects status-publish has-post-thumbnail hentry exquteprojectscats-pjekje exquteprojectscats-strukture-e-jashtme\">\n    <div class=\"card-masonry\">\n    <div class=\"card\">\n         \n        <div class=\"exqute-masonry-cat\">\n        <a href=\"https:\/\/futura-color.com\/index.php\/project-category\/pjekje\/\"><span class=\"badge badge-primary\">Pjekje<\/span><\/a><a href=\"https:\/\/futura-color.com\/index.php\/project-category\/strukture-e-jashtme\/\"><span class=\"badge badge-primary\">Struktur\u00eb E jashtme<\/span><\/a>        <\/div> \n            \n        <a class=\"exqute-masonry-featured\" href=\"https:\/\/futura-color.com\/index.php\/projects\/living-room\/\">\n        <img decoding=\"async\" src=\"https:\/\/futura-color.com\/wp-content\/uploads\/2023\/10\/Untitled-design-2023-10-17T203105.968.png\" alt=\"Lyerje Me Pjekje P\u00ebr Struktur\u00eb T\u00eb jashtme\" \/>  \n        <div class=\"exqute-masonry-seperator\">\n            <svg xmlns=\"http:\/\/www.w3.org\/2000\/svg\" viewBox=\"0 0 1000 100\" preserveAspectRatio=\"none\">\n                <path class=\"exqute-fill-white\" d=\"M790.5,93.1c-59.3-5.3-116.8-18-192.6-50c-29.6-12.7-76.9-31-100.5-35.9c-23.6-4.9-52.6-7.8-75.5-5.3 c-10.2,1.1-22.6,1.4-50.1,7.4c-27.2,6.3-58.2,16.6-79.4,24.7c-41.3,15.9-94.9,21.9-134,22.6C72,58.2,0,25.8,0,25.8V100h1000V65.3 c0,0-51.5,19.4-106.2,25.7C839.5,97,814.1,95.2,790.5,93.1z\" \/>\n            <\/svg>\t\n        <\/div>\n    <\/a>   \n            <div class=\"card-body\">\n            <h3 class=\"card-title\"><a href=\"https:\/\/futura-color.com\/index.php\/projects\/living-room\/\">Lyerje Me Pjekje P\u00ebr Struktur\u00eb T\u00eb jashtme<\/a><\/h3>\n            <p>Projekti i Lyerjes me Pjekje p\u00ebr Struktur\u00eb t\u00eb Jashtme&#8230;<\/p>\n                    <\/div>\n    <\/div> \n<\/div>\n<\/div><div class=\"post-158 exquteprojects type-exquteprojects status-publish has-post-thumbnail hentry exquteprojectscats-aksesore exquteprojectscats-boje-me-pluhur exquteprojectscats-strukture-e-jashtme\">\n    <div class=\"card-masonry\">\n    <div class=\"card\">\n         \n        <div class=\"exqute-masonry-cat\">\n        <a href=\"https:\/\/futura-color.com\/index.php\/project-category\/aksesore\/\"><span class=\"badge badge-primary\">Aksesor\u00eb<\/span><\/a><a href=\"https:\/\/futura-color.com\/index.php\/project-category\/boje-me-pluhur\/\"><span class=\"badge badge-primary\">Boj\u00eb me pluhur<\/span><\/a><a href=\"https:\/\/futura-color.com\/index.php\/project-category\/strukture-e-jashtme\/\"><span class=\"badge badge-primary\">Struktur\u00eb E jashtme<\/span><\/a>        <\/div> \n            \n        <a class=\"exqute-masonry-featured\" href=\"https:\/\/futura-color.com\/index.php\/projects\/lyerje-me-boje-per-aksesore-metalik\/\">\n        <img decoding=\"async\" src=\"https:\/\/futura-color.com\/wp-content\/uploads\/2024\/07\/WhatsApp-Image-2024-06-30-at-10.06.38_94f6ae0a-copy1-900x600.jpg\" alt=\"Lyerje me Boj\u00eb Me Pluhur P\u00ebr Aksesor\u00eb Metalik\" \/>  \n        <div class=\"exqute-masonry-seperator\">\n            <svg xmlns=\"http:\/\/www.w3.org\/2000\/svg\" viewBox=\"0 0 1000 100\" preserveAspectRatio=\"none\">\n                <path class=\"exqute-fill-white\" d=\"M790.5,93.1c-59.3-5.3-116.8-18-192.6-50c-29.6-12.7-76.9-31-100.5-35.9c-23.6-4.9-52.6-7.8-75.5-5.3 c-10.2,1.1-22.6,1.4-50.1,7.4c-27.2,6.3-58.2,16.6-79.4,24.7c-41.3,15.9-94.9,21.9-134,22.6C72,58.2,0,25.8,0,25.8V100h1000V65.3 c0,0-51.5,19.4-106.2,25.7C839.5,97,814.1,95.2,790.5,93.1z\" \/>\n            <\/svg>\t\n        <\/div>\n    <\/a>   \n            <div class=\"card-body\">\n            <h3 class=\"card-title\"><a href=\"https:\/\/futura-color.com\/index.php\/projects\/lyerje-me-boje-per-aksesore-metalik\/\">Lyerje me Boj\u00eb Me Pluhur P\u00ebr Aksesor\u00eb Metalik<\/a><\/h3>\n            <p>Projekti i Lyerjes me Boj\u00eb Pluhur p\u00ebr Aksesor\u00eb&#8230;<\/p>\n                    <\/div>\n    <\/div> \n<\/div>\n<\/div><div class=\"post-159 exquteprojects type-exquteprojects status-publish has-post-thumbnail hentry exquteprojectscats-kangjella exquteprojectscats-pjekje exquteprojectscats-strukture-e-jashtme\">\n    <div class=\"card-masonry\">\n    <div class=\"card\">\n         \n        <div class=\"exqute-masonry-cat\">\n        <a href=\"https:\/\/futura-color.com\/index.php\/project-category\/kangjella\/\"><span class=\"badge badge-primary\">Kangjella<\/span><\/a><a href=\"https:\/\/futura-color.com\/index.php\/project-category\/pjekje\/\"><span class=\"badge badge-primary\">Pjekje<\/span><\/a><a href=\"https:\/\/futura-color.com\/index.php\/project-category\/strukture-e-jashtme\/\"><span class=\"badge badge-primary\">Struktur\u00eb E jashtme<\/span><\/a>        <\/div> \n            \n        <a class=\"exqute-masonry-featured\" href=\"https:\/\/futura-color.com\/index.php\/projects\/lyerje-me-pjekje-per-kangjella\/\">\n        <img decoding=\"async\" src=\"https:\/\/futura-color.com\/wp-content\/uploads\/2023\/10\/WhatsApp-Image-2023-10-10-at-15.29.05-900x576.jpeg\" alt=\"Lyerje Me Pjekje P\u00ebr Kangjella\" \/>  \n        <div class=\"exqute-masonry-seperator\">\n            <svg xmlns=\"http:\/\/www.w3.org\/2000\/svg\" viewBox=\"0 0 1000 100\" preserveAspectRatio=\"none\">\n                <path class=\"exqute-fill-white\" d=\"M790.5,93.1c-59.3-5.3-116.8-18-192.6-50c-29.6-12.7-76.9-31-100.5-35.9c-23.6-4.9-52.6-7.8-75.5-5.3 c-10.2,1.1-22.6,1.4-50.1,7.4c-27.2,6.3-58.2,16.6-79.4,24.7c-41.3,15.9-94.9,21.9-134,22.6C72,58.2,0,25.8,0,25.8V100h1000V65.3 c0,0-51.5,19.4-106.2,25.7C839.5,97,814.1,95.2,790.5,93.1z\" \/>\n            <\/svg>\t\n        <\/div>\n    <\/a>   \n            <div class=\"card-body\">\n            <h3 class=\"card-title\"><a href=\"https:\/\/futura-color.com\/index.php\/projects\/lyerje-me-pjekje-per-kangjella\/\">Lyerje Me Pjekje P\u00ebr Kangjella<\/a><\/h3>\n            <p>Projekti i Lyerjes me Pjekje p\u00ebr Kangjella nga Futura Color \u00ebsht\u00eb&#8230;<\/p>\n                    <\/div>\n    <\/div> \n<\/div>\n<\/div><div class=\"post-157 exquteprojects type-exquteprojects status-publish has-post-thumbnail hentry exquteprojectscats-kangjella exquteprojectscats-pjekje exquteprojectscats-strukture-e-jashtme\">\n    <div class=\"card-masonry\">\n    <div class=\"card\">\n         \n        <div class=\"exqute-masonry-cat\">\n        <a href=\"https:\/\/futura-color.com\/index.php\/project-category\/kangjella\/\"><span class=\"badge badge-primary\">Kangjella<\/span><\/a><a href=\"https:\/\/futura-color.com\/index.php\/project-category\/pjekje\/\"><span class=\"badge badge-primary\">Pjekje<\/span><\/a><a href=\"https:\/\/futura-color.com\/index.php\/project-category\/strukture-e-jashtme\/\"><span class=\"badge badge-primary\">Struktur\u00eb E jashtme<\/span><\/a>        <\/div> \n            \n        <a class=\"exqute-masonry-featured\" href=\"https:\/\/futura-color.com\/index.php\/projects\/lyerje-kangjellash-me-pjekje\/\">\n        <img decoding=\"async\" src=\"https:\/\/futura-color.com\/wp-content\/uploads\/2023\/10\/Untitled-design-2023-10-17T211140.747.png\" alt=\"Lyerje Kangjellash Me Pjekje\" \/>  \n        <div class=\"exqute-masonry-seperator\">\n            <svg xmlns=\"http:\/\/www.w3.org\/2000\/svg\" viewBox=\"0 0 1000 100\" preserveAspectRatio=\"none\">\n                <path class=\"exqute-fill-white\" d=\"M790.5,93.1c-59.3-5.3-116.8-18-192.6-50c-29.6-12.7-76.9-31-100.5-35.9c-23.6-4.9-52.6-7.8-75.5-5.3 c-10.2,1.1-22.6,1.4-50.1,7.4c-27.2,6.3-58.2,16.6-79.4,24.7c-41.3,15.9-94.9,21.9-134,22.6C72,58.2,0,25.8,0,25.8V100h1000V65.3 c0,0-51.5,19.4-106.2,25.7C839.5,97,814.1,95.2,790.5,93.1z\" \/>\n            <\/svg>\t\n        <\/div>\n    <\/a>   \n            <div class=\"card-body\">\n            <h3 class=\"card-title\"><a href=\"https:\/\/futura-color.com\/index.php\/projects\/lyerje-kangjellash-me-pjekje\/\">Lyerje Kangjellash Me Pjekje<\/a><\/h3>\n            <p>Projekti i Lyerjes me Pjekje p\u00ebr Kangjella nga Futura Color \u00ebsht\u00eb nj\u00eb vep\u00ebr arti&#8230;<\/p>\n                    <\/div>\n    <\/div> \n<\/div>\n<\/div>            <\/div>\n                <\/div>\n\t\t\t<\/div>\n\t\t\t\t<\/div>\n\t\t\t\t\t<\/div>\n\t\t\t\t<\/div>\n\t\t\t\t<\/div>\n\t\t","protected":false},"excerpt":{"rendered":"<p>T\u00eb Ftojm\u00eb T\u00eb Klikosh Projektet Tona Boj\u00eb me pluhurMakineri Lyerje Makinerie Projekti i Lyerjes p\u00ebr Makineri Industriale nga Futura Color paraqet nj\u00eb shembull shk\u00eblqyesh\u00ebm t\u00eb&#8230; AluminBoj\u00eb me pluhurStruktur\u00eb E jashtme Lyerje me Boj\u00eb Pluhur E Strkturave Alumini Projekti i Lyerjes me Boj\u00eb Pluhur p\u00ebr Strukturat Alumini nga&#8230; PjekjeStruktur\u00eb E jashtme Lyerje Me Pjekje P\u00ebr Struktur\u00eb&#8230;<\/p>\n","protected":false},"author":1,"featured_media":0,"parent":0,"menu_order":0,"comment_status":"closed","ping_status":"closed","template":"","meta":{"footnotes":""},"yoast_head":"<!-- This site is optimized with the Yoast SEO plugin v21.5 - https:\/\/yoast.com\/wordpress\/plugins\/seo\/ -->\n<title>Projektet - Futura Color<\/title>\n<meta name=\"robots\" content=\"index, follow, max-snippet:-1, max-image-preview:large, max-video-preview:-1\" \/>\n<link rel=\"canonical\" href=\"https:\/\/futura-color.com\/index.php\/projektet\/\" \/>\n<meta property=\"og:locale\" content=\"en_US\" \/>\n<meta property=\"og:type\" content=\"article\" \/>\n<meta property=\"og:title\" content=\"Projektet - Futura Color\" \/>\n<meta property=\"og:description\" content=\"T\u00eb Ftojm\u00eb T\u00eb Klikosh Projektet Tona Boj\u00eb me pluhurMakineri Lyerje Makinerie Projekti i Lyerjes p\u00ebr Makineri Industriale nga Futura Color paraqet nj\u00eb shembull shk\u00eblqyesh\u00ebm t\u00eb&#8230; AluminBoj\u00eb me pluhurStruktur\u00eb E jashtme Lyerje me Boj\u00eb Pluhur E Strkturave Alumini Projekti i Lyerjes me Boj\u00eb Pluhur p\u00ebr Strukturat Alumini nga&#8230; PjekjeStruktur\u00eb E jashtme Lyerje Me Pjekje P\u00ebr Struktur\u00eb...\" \/>\n<meta property=\"og:url\" content=\"https:\/\/futura-color.com\/index.php\/projektet\/\" \/>\n<meta property=\"og:site_name\" content=\"Futura Color\" \/>\n<meta property=\"article:modified_time\" content=\"2023-10-17T19:23:36+00:00\" \/>\n<meta property=\"og:image\" content=\"https:\/\/futura-color.com\/wp-content\/uploads\/2023\/10\/Untitled-design-95.png\" \/>\n<meta name=\"twitter:card\" content=\"summary_large_image\" \/>\n<meta name=\"twitter:label1\" content=\"Est. reading time\" \/>\n\t<meta name=\"twitter:data1\" content=\"1 minute\" \/>\n<script type=\"application\/ld+json\" class=\"yoast-schema-graph\">{\"@context\":\"https:\/\/schema.org\",\"@graph\":[{\"@type\":\"WebPage\",\"@id\":\"https:\/\/futura-color.com\/index.php\/projektet\/\",\"url\":\"https:\/\/futura-color.com\/index.php\/projektet\/\",\"name\":\"Projektet - Futura Color\",\"isPartOf\":{\"@id\":\"https:\/\/futura-color.com\/#website\"},\"datePublished\":\"2023-10-17T19:16:42+00:00\",\"dateModified\":\"2023-10-17T19:23:36+00:00\",\"breadcrumb\":{\"@id\":\"https:\/\/futura-color.com\/index.php\/projektet\/#breadcrumb\"},\"inLanguage\":\"en-US\",\"potentialAction\":[{\"@type\":\"ReadAction\",\"target\":[\"https:\/\/futura-color.com\/index.php\/projektet\/\"]}]},{\"@type\":\"BreadcrumbList\",\"@id\":\"https:\/\/futura-color.com\/index.php\/projektet\/#breadcrumb\",\"itemListElement\":[{\"@type\":\"ListItem\",\"position\":1,\"name\":\"Home\",\"item\":\"https:\/\/futura-color.com\/\"},{\"@type\":\"ListItem\",\"position\":2,\"name\":\"Projektet\"}]},{\"@type\":\"WebSite\",\"@id\":\"https:\/\/futura-color.com\/#website\",\"url\":\"https:\/\/futura-color.com\/\",\"name\":\"Futura Color\",\"description\":\"\",\"publisher\":{\"@id\":\"https:\/\/futura-color.com\/#organization\"},\"potentialAction\":[{\"@type\":\"SearchAction\",\"target\":{\"@type\":\"EntryPoint\",\"urlTemplate\":\"https:\/\/futura-color.com\/?s={search_term_string}\"},\"query-input\":\"required name=search_term_string\"}],\"inLanguage\":\"en-US\"},{\"@type\":\"Organization\",\"@id\":\"https:\/\/futura-color.com\/#organization\",\"name\":\"Futura Color\",\"url\":\"https:\/\/futura-color.com\/\",\"logo\":{\"@type\":\"ImageObject\",\"inLanguage\":\"en-US\",\"@id\":\"https:\/\/futura-color.com\/#\/schema\/logo\/image\/\",\"url\":\"https:\/\/futura-color.com\/wp-content\/uploads\/2023\/10\/cropped-3.png\",\"contentUrl\":\"https:\/\/futura-color.com\/wp-content\/uploads\/2023\/10\/cropped-3.png\",\"width\":400,\"height\":248,\"caption\":\"Futura Color\"},\"image\":{\"@id\":\"https:\/\/futura-color.com\/#\/schema\/logo\/image\/\"}}]}<\/script>\n<!-- \/ Yoast SEO plugin. -->","yoast_head_json":{"title":"Projektet - Futura Color","robots":{"index":"index","follow":"follow","max-snippet":"max-snippet:-1","max-image-preview":"max-image-preview:large","max-video-preview":"max-video-preview:-1"},"canonical":"https:\/\/futura-color.com\/index.php\/projektet\/","og_locale":"en_US","og_type":"article","og_title":"Projektet - Futura Color","og_description":"T\u00eb Ftojm\u00eb T\u00eb Klikosh Projektet Tona Boj\u00eb me pluhurMakineri Lyerje Makinerie Projekti i Lyerjes p\u00ebr Makineri Industriale nga Futura Color paraqet nj\u00eb shembull shk\u00eblqyesh\u00ebm t\u00eb&#8230; AluminBoj\u00eb me pluhurStruktur\u00eb E jashtme Lyerje me Boj\u00eb Pluhur E Strkturave Alumini Projekti i Lyerjes me Boj\u00eb Pluhur p\u00ebr Strukturat Alumini nga&#8230; PjekjeStruktur\u00eb E jashtme Lyerje Me Pjekje P\u00ebr Struktur\u00eb...","og_url":"https:\/\/futura-color.com\/index.php\/projektet\/","og_site_name":"Futura Color","article_modified_time":"2023-10-17T19:23:36+00:00","og_image":[{"url":"https:\/\/futura-color.com\/wp-content\/uploads\/2023\/10\/Untitled-design-95.png"}],"twitter_card":"summary_large_image","twitter_misc":{"Est. reading time":"1 minute"},"schema":{"@context":"https:\/\/schema.org","@graph":[{"@type":"WebPage","@id":"https:\/\/futura-color.com\/index.php\/projektet\/","url":"https:\/\/futura-color.com\/index.php\/projektet\/","name":"Projektet - Futura Color","isPartOf":{"@id":"https:\/\/futura-color.com\/#website"},"datePublished":"2023-10-17T19:16:42+00:00","dateModified":"2023-10-17T19:23:36+00:00","breadcrumb":{"@id":"https:\/\/futura-color.com\/index.php\/projektet\/#breadcrumb"},"inLanguage":"en-US","potentialAction":[{"@type":"ReadAction","target":["https:\/\/futura-color.com\/index.php\/projektet\/"]}]},{"@type":"BreadcrumbList","@id":"https:\/\/futura-color.com\/index.php\/projektet\/#breadcrumb","itemListElement":[{"@type":"ListItem","position":1,"name":"Home","item":"https:\/\/futura-color.com\/"},{"@type":"ListItem","position":2,"name":"Projektet"}]},{"@type":"WebSite","@id":"https:\/\/futura-color.com\/#website","url":"https:\/\/futura-color.com\/","name":"Futura Color","description":"","publisher":{"@id":"https:\/\/futura-color.com\/#organization"},"potentialAction":[{"@type":"SearchAction","target":{"@type":"EntryPoint","urlTemplate":"https:\/\/futura-color.com\/?s={search_term_string}"},"query-input":"required name=search_term_string"}],"inLanguage":"en-US"},{"@type":"Organization","@id":"https:\/\/futura-color.com\/#organization","name":"Futura Color","url":"https:\/\/futura-color.com\/","logo":{"@type":"ImageObject","inLanguage":"en-US","@id":"https:\/\/futura-color.com\/#\/schema\/logo\/image\/","url":"https:\/\/futura-color.com\/wp-content\/uploads\/2023\/10\/cropped-3.png","contentUrl":"https:\/\/futura-color.com\/wp-content\/uploads\/2023\/10\/cropped-3.png","width":400,"height":248,"caption":"Futura Color"},"image":{"@id":"https:\/\/futura-color.com\/#\/schema\/logo\/image\/"}}]}},"_links":{"self":[{"href":"https:\/\/futura-color.com\/index.php\/wp-json\/wp\/v2\/pages\/655"}],"collection":[{"href":"https:\/\/futura-color.com\/index.php\/wp-json\/wp\/v2\/pages"}],"about":[{"href":"https:\/\/futura-color.com\/index.php\/wp-json\/wp\/v2\/types\/page"}],"author":[{"embeddable":true,"href":"https:\/\/futura-color.com\/index.php\/wp-json\/wp\/v2\/users\/1"}],"replies":[{"embeddable":true,"href":"https:\/\/futura-color.com\/index.php\/wp-json\/wp\/v2\/comments?post=655"}],"version-history":[{"count":7,"href":"https:\/\/futura-color.com\/index.php\/wp-json\/wp\/v2\/pages\/655\/revisions"}],"predecessor-version":[{"id":666,"href":"https:\/\/futura-color.com\/index.php\/wp-json\/wp\/v2\/pages\/655\/revisions\/666"}],"wp:attachment":[{"href":"https:\/\/futura-color.com\/index.php\/wp-json\/wp\/v2\/media?parent=655"}],"curies":[{"name":"wp","href":"https:\/\/api.w.org\/{rel}","templated":true}]}}